{"id":662,"date":"2016-04-09T15:00:19","date_gmt":"2016-04-09T12:00:19","guid":{"rendered":"http:\/\/punaturkit.com\/reponi\/?page_id=662"},"modified":"2016-04-09T22:21:03","modified_gmt":"2016-04-09T19:21:03","slug":"reponi","status":"publish","type":"page","link":"http:\/\/punaturkit.com\/reponi\/kasvatus\/reponi\/","title":{"rendered":"Reponi &#8211; About us"},"content":{"rendered":"<div class=\"row\"> <div class=\"col-md-6\">\n<h4><img loading=\"lazy\" class=\"wp-image-431 size-medium alignleft\" src=\"http:\/\/punaturkit.com\/reponi\/wp-content\/uploads\/2016\/04\/Huikka_Twist_03-300x200.jpg\" alt=\"Huikka_Twist_03\" width=\"300\" height=\"200\" srcset=\"http:\/\/punaturkit.com\/reponi\/wp-content\/uploads\/2016\/04\/Huikka_Twist_03-300x200.jpg 300w, http:\/\/punaturkit.com\/reponi\/wp-content\/uploads\/2016\/04\/Huikka_Twist_03-150x100.jpg 150w, http:\/\/punaturkit.com\/reponi\/wp-content\/uploads\/2016\/04\/Huikka_Twist_03.jpg 900w\" sizes=\"(max-width: 300px) 100vw, 300px\" \/><\/h4>\n<h3>Kasvatus<\/h3>\n<p>Olen suorittanut kasvattajan peruskurssin helmikuussa 2007 ja FCI on my\u00f6nt\u00e4nyt minulle kasvattajanimen &#8221;Reponi&#8221;. Olen my\u00f6s\u00a0<a href=\"http:\/\/www.tollerit.fi\/\" target=\"_blank\">Novascotiannoutajat ry:n<\/a> sitoumuskasvattaja.<\/p>\n<p>Tavoitteenani on kasvattaa hyv\u00e4luonteisia ja terveit\u00e4 novascotiannoutajia, jotka toimivat monipuolisesti harrastuksissa sek\u00e4 omaavat luontaiset taipumukset toimia tehokkaasti noutavana koirana mets\u00e4st\u00e4j\u00e4n apuna ja ovat rodunomaisia my\u00f6s ulkon\u00e4\u00f6lt\u00e4\u00e4n. Monet niist\u00e4 luonteenpiirteist\u00e4, jotka tekev\u00e4t noutajasta hyv\u00e4n noutajan, tekev\u00e4t siit\u00e4 my\u00f6s hyv\u00e4n harrastuskumppanin moneen muuhunkin harrastukseen.<\/p>\n<p>Ennen luovutusik\u00e4\u00e4<\/p>\n<ul>\n<li>Pennut tulevat tottumaan normaaleihin kodin \u00e4\u00e4niin, uusiin\u00a0ihmisiin ja vieraisiin koiriin sek\u00e4 autoiluun.<\/li>\n<li>Pennut tutustetaan riistaan jo pentulaatikossa.<\/li>\n<li>Pennut saavat liikkua vapaasti niin sis\u00e4ll\u00e4 kuin my\u00f6s (s\u00e4\u00e4n niin salliessa) ulkonakin.<\/li>\n<li>Luovutusik\u00e4iset (8vk) pennut ovat madotettuja sek\u00e4 el\u00e4inl\u00e4\u00e4k\u00e4rin tarkastamia ja sirulla tunnistusmerkittyj\u00e4.<\/li>\n<li>Pentunsa mukana uusi omistaja saa mukana Tolleri-Infon sek\u00e4 monistepaketin, joka sis\u00e4lt\u00e4\u00e4 mm. ruokinta- ja hoito-ohjeet.<\/li>\n<li>Lis\u00e4ksi liit\u00e4n pennun ostajat Novascotiannoutajat ry:n j\u00e4seniksi kuluvalle vuodelle, mik\u00e4li ostaja ei ole jo ennest\u00e4\u00e4n yhdistyksen j\u00e4sen.<\/li>\n<\/ul>\n<p><img loading=\"lazy\" class=\"wp-image-430 size-medium alignleft\" src=\"http:\/\/punaturkit.com\/reponi\/wp-content\/uploads\/2016\/04\/Huikka_Twist_01-300x200.jpg\" alt=\"Huikka_Twist_01\" width=\"300\" height=\"200\" srcset=\"http:\/\/punaturkit.com\/reponi\/wp-content\/uploads\/2016\/04\/Huikka_Twist_01-300x200.jpg 300w, http:\/\/punaturkit.com\/reponi\/wp-content\/uploads\/2016\/04\/Huikka_Twist_01-150x100.jpg 150w, http:\/\/punaturkit.com\/reponi\/wp-content\/uploads\/2016\/04\/Huikka_Twist_01.jpg 900w\" sizes=\"(max-width: 300px) 100vw, 300px\" \/><\/p>\n<p>Koiran muutettua omistajansa luokse\u00a0j\u00e4rjest\u00e4n koirille tapaamisia ja koulutuksia. Lis\u00e4ksi pyrin neuvomaan \/ selvitt\u00e4m\u00e4\u00e4n omistajien asuinpaikkan l\u00e4hettyvilt\u00e4 mahdollisia koulutuksia, jne, jotta omistajilla on mahdollisuus p\u00e4\u00e4st\u00e4 harrastamaan ja saamaan neuvoja my\u00f6s tapaamistemme v\u00e4lill\u00e4. Olen my\u00f6s aina tavoitettavissa mahdolisten kysymysten noustessa mieleen.<\/p>\n<p>Odotukseni pennun ostajalle:<\/p>\n<ul>\n<li>Koira on rakastettu perheenj\u00e4sen ja siit\u00e4 pidet\u00e4\u00e4n\u00a0hyv\u00e4\u00e4 huolta<\/li>\n<li>Koiran fyysisest\u00e4 kunnosta ja terveydest\u00e4 huolehditaan<\/li>\n<li>Koiralle tarjotaan mahdollisuuksia purkaa energiaansa ei vain fyysisen rasituksen kautta vaan my\u00f6s sen p\u00e4\u00e4koppaa haastamalla. Toivon toki my\u00f6s kiinnostusta rodunomaisia lajeja kohtaan.<\/li>\n<li>Minut pidet\u00e4\u00e4n\u00a0ajantasalla koiran kuulumisista l\u00e4pi sen el\u00e4m\u00e4n<\/li>\n<li>Koiran lonkat ja kyyr\u00e4n\u00e4t tutkitaan virallisesti n. 1,5-2-vuoden i\u00e4ss\u00e4<\/li>\n<li>Koiran silm\u00e4t peilataan virallisesti v\u00e4hint\u00e4\u00e4n kerran sen el\u00e4m\u00e4n aikana, ensimm\u00e4isen kerran mielell\u00e4\u00e4n luuston tutkimusten yhteydess\u00e4<\/li>\n<li>Koira k\u00e4ytet\u00e4\u00e4n sen aikuistuttua v\u00e4hint\u00e4\u00e4n kerran virallisessa n\u00e4yttelyss\u00e4<\/li>\n<li>Toivon ett\u00e4 koira on vakuutettu<\/li>\n<li>Omistaja on minuun yhteydess\u00e4 ensin, jos syyst\u00e4 tai toisesta koiraa ei voida pit\u00e4\u00e4<\/li>\n<\/ul>\n<p>Kasvatustoimintani on\u00a0hyvin pienimuotoista ja\u00a0pentueita on harvoin.<\/p>\n<\/div><div class=\"col-md-6\">\n<p><em><img loading=\"lazy\" class=\"wp-image-434 size-medium alignright\" src=\"http:\/\/punaturkit.com\/reponi\/wp-content\/uploads\/2016\/04\/Huikka_Twist_02-300x200.jpg\" alt=\"Huikka_Twist_02\" width=\"300\" height=\"200\" srcset=\"http:\/\/punaturkit.com\/reponi\/wp-content\/uploads\/2016\/04\/Huikka_Twist_02-300x200.jpg 300w, http:\/\/punaturkit.com\/reponi\/wp-content\/uploads\/2016\/04\/Huikka_Twist_02-150x100.jpg 150w, http:\/\/punaturkit.com\/reponi\/wp-content\/uploads\/2016\/04\/Huikka_Twist_02.jpg 900w\" sizes=\"(max-width: 300px) 100vw, 300px\" \/><\/em><\/p>\n<h4><\/h4>\n<h3><em>Breeding<\/em><\/h3>\n<p><em>I have passed the breeder course that the Finnish Kennel Club organised at 2007 and FCI has approved my breeder name &#8221;Reponi&#8221;, which in English means &#8221;My Fox&#8221;. I am committed to the breeding goals of the <a href=\"http:\/\/www.tollerit.fi\/\" target=\"_blank\">Finnish\u00a0Toller Club<\/a>.<\/em><\/p>\n<p><em>My goal is to breed Nova Scotia Duck Tolling Retrievers that have a good mental character, are healthy and work well in diverse hobbies. They should hold a good, natural ability to work as proper retriever. Also the appearance of the toller should be typical to the breed. In addition to this many characteristics that make a good retriever make the toller also a great companion in many different hobbies.<\/em><\/p>\n<p><em>Before leaving to their new homes<\/em><\/p>\n<ul>\n<li><em>Puppies will get used to normal household noises, new people, also children, other dogs and\u00a0driving in a car.<\/em><\/li>\n<li><em>Puppies will\u00a0move freely inside our home and also outside (if weather allows it).<\/em><\/li>\n<li><em>When puppies are leaving to their new homes (at the age of 8 weeks) they have been dewormed and checked by the vet\u00a0and <em>ID-marked with chip.<\/em><\/em><\/li>\n<li><em><em>With the puppy the new owner will get info-package that includes among other things feeding and care taking instructions.<\/em><\/em><\/li>\n<li><em><em>Also the new owners will be registered as members to the Finnish\u00a0Toller Club for 1 year, if they want to and are not already members.<img loading=\"lazy\" class=\"wp-image-458 size-medium alignright\" src=\"http:\/\/punaturkit.com\/reponi\/wp-content\/uploads\/2016\/04\/Rilla_Luca01-300x200.jpg\" alt=\"Rilla_Luca01\" width=\"300\" height=\"200\" srcset=\"http:\/\/punaturkit.com\/reponi\/wp-content\/uploads\/2016\/04\/Rilla_Luca01-300x200.jpg 300w, http:\/\/punaturkit.com\/reponi\/wp-content\/uploads\/2016\/04\/Rilla_Luca01-150x100.jpg 150w, http:\/\/punaturkit.com\/reponi\/wp-content\/uploads\/2016\/04\/Rilla_Luca01.jpg 500w\" sizes=\"(max-width: 300px) 100vw, 300px\" \/><\/em><\/em><\/li>\n<\/ul>\n<p><em>After moving to their new homes I will organize meetings and trainings for the owners\u00a0and their dog.\u00a0I also try to find out possible\u00a0places to\u00a0train near the new\u00a0home\u00a0of the puppy for owners to be able to\u00a0get help, face to face, between our meetings. I will also be always available in case of questions.<\/em><\/p>\n<p>&nbsp;<\/p>\n<p><em>If you adopt a puppy from us, we expect that<\/em><\/p>\n<ul>\n<li><em>The dog becomes a loved family member and is well taken care of throughout its life<\/em><\/li>\n<li><em>The\u00a0physical\u00a0condition and\u00a0well being\u00a0of the dog is taken care of<\/em><\/li>\n<li><em>The dog is offered both physical and especially mental stimulation. I also hope that the owners are interested in retrieving training \/ hunting<\/em><\/li>\n<li><em>I&#8217;m kept informed of how the dog is doing throughout its life<\/em><\/li>\n<li><em>Official x-ray\u00a0examination of hips &amp; elbows in the age of 1,5-2 years<\/em><\/li>\n<li><em>Official examination of dog&#8217;s eyes at least once during it&#8217;s life, first time preferably at the time of hip &amp; elbow examination<\/em><\/li>\n<li><em>The dog is shown in an official dog show at least once when it is gown up<\/em><\/li>\n<li><em>I also hope that the dog is insured<\/em><\/li>\n<li><em>I&#8217;m contacted first, if for a reason or another the owner is not able to keep the dog anymore<\/em><\/li>\n<\/ul>\n<p><em>My breeding is\u00a0in very small scale.<\/em><\/p>\n<\/div><\/div>\n","protected":false},"excerpt":{"rendered":"","protected":false},"author":1,"featured_media":0,"parent":2,"menu_order":0,"comment_status":"closed","ping_status":"closed","template":"","meta":{"kt_blocks_editor_width":""},"_links":{"self":[{"href":"http:\/\/punaturkit.com\/reponi\/wp-json\/wp\/v2\/pages\/662"}],"collection":[{"href":"http:\/\/punaturkit.com\/reponi\/wp-json\/wp\/v2\/pages"}],"about":[{"href":"http:\/\/punaturkit.com\/reponi\/wp-json\/wp\/v2\/types\/page"}],"author":[{"embeddable":true,"href":"http:\/\/punaturkit.com\/reponi\/wp-json\/wp\/v2\/users\/1"}],"replies":[{"embeddable":true,"href":"http:\/\/punaturkit.com\/reponi\/wp-json\/wp\/v2\/comments?post=662"}],"version-history":[{"count":16,"href":"http:\/\/punaturkit.com\/reponi\/wp-json\/wp\/v2\/pages\/662\/revisions"}],"predecessor-version":[{"id":775,"href":"http:\/\/punaturkit.com\/reponi\/wp-json\/wp\/v2\/pages\/662\/revisions\/775"}],"up":[{"embeddable":true,"href":"http:\/\/punaturkit.com\/reponi\/wp-json\/wp\/v2\/pages\/2"}],"wp:attachment":[{"href":"http:\/\/punaturkit.com\/reponi\/wp-json\/wp\/v2\/media?parent=662"}],"curies":[{"name":"wp","href":"https:\/\/api.w.org\/{rel}","templated":true}]}}