{"id":9,"date":"2015-03-18T09:34:58","date_gmt":"2015-03-18T07:34:58","guid":{"rendered":"http:\/\/punaturkit.com\/reponi\/?page_id=9"},"modified":"2021-09-23T10:06:01","modified_gmt":"2021-09-23T07:06:01","slug":"etusivu","status":"publish","type":"page","link":"https:\/\/punaturkit.com\/reponi\/","title":{"rendered":"Etusivu &#8211; Homepage"},"content":{"rendered":"\n<div class=\"row\"> <\/p>\n\n\n<div class=\"col-md-2\">\n<\/div>\n\n\n\n<div class=\"col-md-8\">\n\n\n<style id=\"kt-blocks_cf7ba1-27\">#kt-adv-heading_cf7ba1-27, #kt-adv-heading_cf7ba1-27 .wp-block-kadence-advancedheading, .wp-block-kadence-advancedheading.kt-adv-heading_cf7ba1-27[data-kb-block=\"kb-adv-heading_cf7ba1-27\"], .kadence-advanced-heading-wrapper .kt-adv-heading_cf7ba1-27[data-kb-block=\"kb-adv-heading_cf7ba1-27\"]{text-align:center;letter-spacing:1px;}<\/style>\n<h2 class=\"kt-adv-heading_cf7ba1-27 wp-block-kadence-advancedheading\" data-kb-block=\"kb-adv-heading_cf7ba1-27\">Tervetuloa kotisivuillemme<\/h2>\n\n\n\n<p class=\"has-text-align-center\">N\u00e4ill\u00e4 sivuilla p\u00e4\u00e4set tutustumaan koiriini ja Reponi-pentueisiin.<\/p>\n\n\n\n<p class=\"has-text-align-center\">Seuraa Repolaisia my\u00f6s <a rel=\"noopener\" href=\"https:\/\/www.facebook.com\/kennelreponi\/\" target=\"_blank\">Facebookissa<\/a>.<\/p>\n\n\n\n<p class=\"has-text-align-center\">Meill\u00e4 ei ole pentuesuunnitelmia.<br>    <\/p>\n\n\n<style id=\"kt-blocks_f3e31c-a9\">#kt-adv-heading_f3e31c-a9, #kt-adv-heading_f3e31c-a9 .wp-block-kadence-advancedheading, .wp-block-kadence-advancedheading.kt-adv-heading_f3e31c-a9[data-kb-block=\"kb-adv-heading_f3e31c-a9\"], .kadence-advanced-heading-wrapper .kt-adv-heading_f3e31c-a9[data-kb-block=\"kb-adv-heading_f3e31c-a9\"]{text-align:center;letter-spacing:1px;}<\/style>\n<h3 class=\"kt-adv-heading_f3e31c-a9 wp-block-kadence-advancedheading\" data-kb-block=\"kb-adv-heading_f3e31c-a9\"><em>Welcome to Reponi<\/em><\/h3>\n\n\n\n<p class=\"has-text-align-center\"><em>Here you can get information of my dogs and Reponi-litters.<\/em><\/p>\n\n\n\n<p class=\"has-text-align-center\"><em>Follow Reponi dogs also in <a rel=\"noopener\" href=\"https:\/\/www.facebook.com\/kennelreponi\/\" target=\"_blank\">Facebook<\/a>.<\/em><\/p>\n\n\n\n<p class=\"has-text-align-center\"><em>No litters planned.<\/em><\/p>\n\n\n\n<p class=\"has-text-align-center\"><em>&nbsp;<\/em><\/p>\n\n\n\n<figure class=\"wp-block-gallery columns-4 is-cropped\"><ul class=\"blocks-gallery-grid\"><li class=\"blocks-gallery-item\"><figure><a href=\"http:\/\/punaturkit.com\/reponi\/wp-content\/uploads\/2016\/04\/Huikka_Twist_03.jpg\"><img loading=\"lazy\" width=\"900\" height=\"600\" src=\"http:\/\/punaturkit.com\/reponi\/wp-content\/uploads\/2016\/04\/Huikka_Twist_03.jpg\" alt=\"\" data-id=\"431\" class=\"wp-image-431\" srcset=\"https:\/\/punaturkit.com\/reponi\/wp-content\/uploads\/2016\/04\/Huikka_Twist_03.jpg 900w, https:\/\/punaturkit.com\/reponi\/wp-content\/uploads\/2016\/04\/Huikka_Twist_03-150x100.jpg 150w, https:\/\/punaturkit.com\/reponi\/wp-content\/uploads\/2016\/04\/Huikka_Twist_03-300x200.jpg 300w\" sizes=\"(max-width: 900px) 100vw, 900px\" \/><\/a><\/figure><\/li><li class=\"blocks-gallery-item\"><figure><a href=\"http:\/\/punaturkit.com\/reponi\/wp-content\/uploads\/2016\/04\/RedadictOnTheCrocks_7.jpg\"><img loading=\"lazy\" width=\"400\" height=\"600\" src=\"http:\/\/punaturkit.com\/reponi\/wp-content\/uploads\/2016\/04\/RedadictOnTheCrocks_7.jpg\" alt=\"\" data-id=\"593\" class=\"wp-image-593\" srcset=\"https:\/\/punaturkit.com\/reponi\/wp-content\/uploads\/2016\/04\/RedadictOnTheCrocks_7.jpg 400w, https:\/\/punaturkit.com\/reponi\/wp-content\/uploads\/2016\/04\/RedadictOnTheCrocks_7-100x150.jpg 100w, https:\/\/punaturkit.com\/reponi\/wp-content\/uploads\/2016\/04\/RedadictOnTheCrocks_7-200x300.jpg 200w\" sizes=\"(max-width: 400px) 100vw, 400px\" \/><\/a><\/figure><\/li><li class=\"blocks-gallery-item\"><figure><a href=\"http:\/\/punaturkit.com\/reponi\/wp-content\/uploads\/2016\/04\/MerkillinenKettu_06.jpg\"><img loading=\"lazy\" width=\"900\" height=\"600\" src=\"http:\/\/punaturkit.com\/reponi\/wp-content\/uploads\/2016\/04\/MerkillinenKettu_06.jpg\" alt=\"\" data-id=\"762\" class=\"wp-image-762\" srcset=\"https:\/\/punaturkit.com\/reponi\/wp-content\/uploads\/2016\/04\/MerkillinenKettu_06.jpg 900w, https:\/\/punaturkit.com\/reponi\/wp-content\/uploads\/2016\/04\/MerkillinenKettu_06-150x100.jpg 150w, https:\/\/punaturkit.com\/reponi\/wp-content\/uploads\/2016\/04\/MerkillinenKettu_06-300x200.jpg 300w\" sizes=\"(max-width: 900px) 100vw, 900px\" \/><\/a><\/figure><\/li><li class=\"blocks-gallery-item\"><figure><a href=\"http:\/\/punaturkit.com\/reponi\/wp-content\/uploads\/2016\/04\/RedadictOnTheCrocks_3-1.jpg\"><img loading=\"lazy\" width=\"900\" height=\"600\" src=\"http:\/\/punaturkit.com\/reponi\/wp-content\/uploads\/2016\/04\/RedadictOnTheCrocks_3-1.jpg\" alt=\"\" data-id=\"501\" class=\"wp-image-501\" srcset=\"https:\/\/punaturkit.com\/reponi\/wp-content\/uploads\/2016\/04\/RedadictOnTheCrocks_3-1.jpg 900w, https:\/\/punaturkit.com\/reponi\/wp-content\/uploads\/2016\/04\/RedadictOnTheCrocks_3-1-150x100.jpg 150w, https:\/\/punaturkit.com\/reponi\/wp-content\/uploads\/2016\/04\/RedadictOnTheCrocks_3-1-300x200.jpg 300w\" sizes=\"(max-width: 900px) 100vw, 900px\" \/><\/a><\/figure><\/li><\/ul><\/figure>\n\n\n\n<\/div>\n\n\n<div class=\"col-md-2\">\n<\/div>\n\n\n\n<\/div>\n","protected":false},"excerpt":{"rendered":"","protected":false},"author":1,"featured_media":0,"parent":0,"menu_order":0,"comment_status":"closed","ping_status":"closed","template":"","meta":{"kt_blocks_editor_width":""},"_links":{"self":[{"href":"https:\/\/punaturkit.com\/reponi\/wp-json\/wp\/v2\/pages\/9"}],"collection":[{"href":"https:\/\/punaturkit.com\/reponi\/wp-json\/wp\/v2\/pages"}],"about":[{"href":"https:\/\/punaturkit.com\/reponi\/wp-json\/wp\/v2\/types\/page"}],"author":[{"embeddable":true,"href":"https:\/\/punaturkit.com\/reponi\/wp-json\/wp\/v2\/users\/1"}],"replies":[{"embeddable":true,"href":"https:\/\/punaturkit.com\/reponi\/wp-json\/wp\/v2\/comments?post=9"}],"version-history":[{"count":64,"href":"https:\/\/punaturkit.com\/reponi\/wp-json\/wp\/v2\/pages\/9\/revisions"}],"predecessor-version":[{"id":1368,"href":"https:\/\/punaturkit.com\/reponi\/wp-json\/wp\/v2\/pages\/9\/revisions\/1368"}],"wp:attachment":[{"href":"https:\/\/punaturkit.com\/reponi\/wp-json\/wp\/v2\/media?parent=9"}],"curies":[{"name":"wp","href":"https:\/\/api.w.org\/{rel}","templated":true}]}}